{"id":1503,"date":"2018-12-03T13:46:17","date_gmt":"2018-12-03T13:46:17","guid":{"rendered":"http:\/\/lutreola.eu\/en\/?page_id=1503"},"modified":"2019-02-04T14:40:50","modified_gmt":"2019-02-04T14:40:50","slug":"teaduslikud-artiklid-euroopa-naaritsast","status":"publish","type":"page","link":"https:\/\/lutreola.eu\/en\/tegevus-2\/long-term-programmes\/the-european-mink-restoration-programme\/teaduslikud-artiklid-euroopa-naaritsast\/","title":{"rendered":"Scientific articles about European mink"},"content":{"rendered":"<h2>Scientific articles about European mink<\/h2>\n<h2><\/h2>\n<h2>2018<\/h2>\n<ul>\n<li>I\u00f1igo Zuberogoitia, Madis P\u00f5dra, Santiago Palaz\u00f3n, Asuncion G\u00f3mez, Nestor Zabala and Jabi Zabala (2018). Facing Extinction, Last Call for the European Mink. Ann Rev Resear. 2018; 2(2): 555581<\/li>\n<li>Madis P\u00f5dra and Asunction G\u00f3mez (2018). Rapid expansion of the American mink poses a serious threat to the European mink in Spain. Mammalia. 10.1515\/mammalia-2017-0013<\/li>\n<\/ul>\n<h2>2017<\/h2>\n<ul>\n<li>Haage, Marianne; Maran, Tiit; Bergvall, Ulrika; Elmhagen, Bodil; Angerbj\u00f6rn, Anders (2017). The influence of spatiotemporal conditions and personality on survival in reintroductions\u2013evolutionary implications. Oecologia, 183 (1), 45\u221256.10.1007\/s00442-016-3740-0.<\/li>\n<li>Kiik, Kairi, Maran, Tiit; Nemvalts, Kristel; Sandre, Siiri-Lii; Tammaru, Toomas (2017). Reproductive parameters of critically endangered European mink (Mustela lutreola) in captivity. Animal Reproduction Science, 181, 86\u221292.<\/li>\n<li>Harrington, L. A.; P\u00f5dra, M.; Gomez, A.; Maran, T. (2017). Raising awareness of the plight of the critically endangered European mink in Spain is not miscommunication: a response to Melero. Biodiversity and Conservation, 27 (1), 269\u2212271.s10531-017-1419-4.<\/li>\n<li>Maran, T.; P\u00f5dra, M.; Harrington, L. A.; Macdonald, D. W. (2017). European mink: restoration attempts for a species on the brink of extinction. In: Macdonald, D.W.; Newman, C.; Harrington, L.A (Ed.). Biology and Conservation of Musteloids (370\u2212389). Oxford: Oxford Univ Press.<\/li>\n<li>Powell, A. R.; Ellwood, S.; Kays, R.; Maran, T. (2017). Chapter 8. Stink or swim: techniques to meet the challenges for the study and conservation of small critters that hide, swim, or climb, and may otherwise make themselves unpleasant. In: Macdonald, D.W.; Newman, C.; Harrington, L.A (Ed.). Biology and Conservation of Musteloids (216\u2212231). Oxford: Oxford Univ Press.0.1093\/oso\/9780198759805.003.0008.<\/li>\n<li>Kiik, Kairi; Maran, Tiit; Nagl, Astrid; Kneidinger, Nadja; Tammaru, Toomas (2017). Behavioural studies of critically endangered European mink (Mustela lutreola) in captivity. CT13.3.<\/li>\n<li>Kiik, Kairi; Maran, Tiit; Nemvalts, Kristel; Sndre, Siiri-Lii; Tammaru, Toomas (2017). Breeding of European mink (Mustela lutreola) in captivity. In: .10th Baltic Theriological Conference, Tartu, Estonia; 28-30.09.2017.<\/li>\n<\/ul>\n<h2>2016<\/h2>\n<ul>\n<li>Kiik, Kairi; Maran, Tiit; Kneidinger Nadja; Tammaru, Toomas (2016). Social behavior of endangered European mink (Mustela lutreola) litters in captivity. Applied Animal Behaviour Science, 182, 61\u221271.10.1016\/j.applanim.2016.06.004<\/li>\n<li>Zuberogoitia, I\u00f1igo, P\u00f5dra, Madis, Palaz\u00f3n, Santiago, G\u00f3mez, Asun, Zabala, Nestor, Zabala, Jabi (2016). Misleading interpretation of shifting baseline syndrome in the conservation of European mink. Biodiversity and conservation 2016 v.25 no.9 pp. 1795-1800<\/li>\n<li>Sisco\u00a0Ma\u00f1as, Asunci\u00f3n\u00a0G\u00f3mez, Santiago\u00a0Palaz\u00f3n, Madis\u00a0P\u01d2dra, Berto\u00a0Minobis, Olga\u00a0Esther\u00a0Alarcia, Jordi\u00a0Casal, Jordi\u00a0Ruiz-Olmo (2016). Are we able to affect the population structure of an invasive species through culling? A case study of the attempts to control the American mink population in the Northern Iberian Peninsula. Mamm Res, 61: 309.<\/li>\n<\/ul>\n<h2>2015<\/h2>\n<ul>\n<li>Knuuttila, A.; Aaltonen, K.; Virtala, A-M. K.; Henttonen, H.; Isomursu, M.; Leimann, A.; Maran, T.; Saarma, U.; Timonen, P.; Vapalahti, O.; Sironen, T. (2015). Aleutian mink disease virus in free\u2010ranging mustelids in Finland \u2010 a cross\u2010sectional epidemiologic and phylogenetic study. Journal of General Virology, 96, 56\u221261.10.1099\/vir.0.000081.<\/li>\n<li>Leimann, A; Knuuttila, A; Maran, T; Vapalahti, O; Saarma, U. (2015). Molecular epidemiology of Aleutian mink disease virus (AMDV) in Estonia, and a global phylogeny of AMDV. Virus Research, 199, 55\u221261.10.1016\/j.virusres.2015.01.011.<\/li>\n<li>Remm, L.; L\u00f5hmus, A.; Maran, T. (2015). A paradox of restoration: prey habitat engineering for an introduced endangered carnivore can support native biodiversity. Oryx, 49 (3), 559\u2212562.10.1017\/S0030605314000271.<\/li>\n<li>Nagl, Astrid; Kneidinger, Nadja; Kiik, Kairi; Lindeberg, Heli; Maran, Tiit; Schwarzenberger, Franz (2015). Noninvasive monitoring of female reproductive hormone metabolites in the endangered European mink (Mustela lutreola). Theriogenology, 84 (9), 1472\u22121481.10.1016\/j.theriogenology.2015.07.023.<\/li>\n<li>Cabria, Teresa Maria; Gonzalez, Elena G.; Gomez-Moliner, Benjamin J.; Michaux, Johan R.; Skumatov, Dimitri; Kranz, Andreas; Fournier, Pascal; Palazon, Santiago; Zardoya, Rafael (2015). Patterns of genetic variation in the endagered European mink (<em>Mustela lutreola<\/em> L., 1761). BMC Evolutionary Biology, 15:141.<\/li>\n<li>Sisco\u00a0Ma\u00f1as, Asunci\u00f3n\u00a0G\u00f3mez, Victoria Asensio, Santiago\u00a0Palaz\u00f3n, Madis\u00a0P\u01d2dra, Jordi\u00a0Casal, Jordi\u00a0Ruiz-Olmo (2015). Demographic structure of three riparian mustelid species in Spain. European Journal of Wildlife Research .Volume 62, Issue\u00a01, pp 119\u2013129<\/li>\n<\/ul>\n<h2>2014<\/h2>\n<ul>\n<li>Harrington, Lauren; P\u00f5dra, Madis; Macdonald, David; Maran, Tiit (2014). Post-release movements of captive-born European mink Mustela lutreola. Endangered Species Research, 24, 137\u2212148.10.3354\/esr00590.<\/li>\n<\/ul>\n<h2>2013<\/h2>\n<ul>\n<li>Kiik, Kairi; Maran, Tiit; Nagl, Astrid; Ashford, Kadri; Tammaru, Toomas (2013). The Causes of the Low Breeding Success of European Mink (Mustela lutreola) in Captivity. Zoo Biology, 32 (4), 387\u2212393.10.1002\/zoo.21062.<\/li>\n<li>P\u00f5dra, M., Maran, T. Sidorovich, V.E., Johnson, P.J. ja Macdonald, D.W. (2013). Restoration programmes and the development of a natural diet: a case study of captive-bred European mink. European Journal of Wildlife Research, 59 (1), 93 \u2212104.DOI10.1007\/s10344-012-0653-z.<\/li>\n<li>Haage, M.; Bergvall, U.A.; Maran, T.; Kiik, K.; Angerbj\u00f6rn, A. (2013). Situation and context impacts the expression of personality: The influence of breeding season and test context. Behavioural Processes, 100, 103\u2212109.10.1016\/j.beproc.2013.08.009.<\/li>\n<li>Maran, T.; P\u00f5dra, P. (2013). Establishing new populations of European mink in Hiiumaa and Saaremaa Island, Estonia. In: Priptal S.Soorae (Ed.). Global Re-introduction Perspectives: 2013, Further case-studies from around the globe (159\u2212163).. Abu Dhabi: SSC Re-introduction Specialist Group and Abu Dhabi, UAE: Environment Agency-Abu Dhabi..<\/li>\n<li>Kiik, Kairi; Maran, Tiit (2013). Reproductive parameters of captive European mink (Mustela lutreola). In: .Conference on the Biology and Conservation of Wild Mustelids, Skunks, Procyonids and Red Pandas, 18 \u2013 21.03.2013, Oxford, UK.<\/li>\n<li>Madis\u00a0P\u00f5dra, Asunci\u00f3n\u00a0G\u00f3mez, Santiago\u00a0Palaz\u00f3n (2013). Do American mink kill European mink? Cautionary message for future recovery efforts. European Journal of Wildlife Research, Volume 59, Issue\u00a03, pp 431\u2013440<\/li>\n<\/ul>\n<h2>2012<\/h2>\n<ul>\n<li>Kiik, Kairi; Maran, Tiit; Nagl, Astrid; Ashford, Kadri; Tammaru, Toomas (2012). Breeding success of European Mink (Mustela lutreola) in captivity.<\/li>\n<li>Santiago Palaz\u00f3n, Yolanda Melero, \u00a0Asun G\u00f3mez, Javier L\u00f3pez de Luzuriaga, Madis Podra and Joaquim Gos\u00e0lbez (2012). Causes and patterns of human-induced mortality in the Critically Endangered European mink Mustela lutreola in Spain. Oryx, Volume 46, Issue 4 , pp. 614-61<\/li>\n<\/ul>\n<h2>2011<\/h2>\n<ul>\n<li>Cabria, M. T.; Michaux, J.R.; Gomez-Moliner, B. J; Skumatov, D; Maran, T.; Fournier, P; Lopez de Luzuriaga, J.; Zardoya, R. (2011). Bayesian analysis of hybridization and introgression between the endangered european mink (Mustela lutreola) and the polecat (Mustela putorius). Molecular Ecology, 20 (6), 1176\u22121190.10.1111\/j.1365-294X.2010.04988.x.<\/li>\n<\/ul>\n<h2>2011<\/h2>\n<ul>\n<li>Kneidiger, Nadja; Schwarzenberger, Franz; Nagl, Astrid; Ashford, Kadri; Maran, Tiit (2011). The influence of captive conditions on the reproductive behaviour of male European mink (Mustela lutreola). <em>8th INternational Conference on behaviour, physiology and genetics of wildlife: 8th INternational Conference on behaviour, physiology and genetics of wildlife; 14th &#8211; 17th Sepbember, 2011; Berlin, Germany.<\/em> Ed. Schumann, A; Seet, S; Jewgenow, K.; Hofer, H. Bonn: Leibnitz Institute of Zoo and Wildlife Research , 93.<\/li>\n<\/ul>\n<h2>2010<\/h2>\n<ul>\n<li>Maran, Tiit (2010). Small, brown but worth of the effort: recovery of the European mink in Estonia. In: Gerald Dick, Markus Gusset (Ed.). Building a Future for Wildlife: Zoos and Aquariums Committed to Biodiverstiy Conservation (145\u2212150).. Gland, Switzerland: Wolrd Association of Zoos and Aquariums.<\/li>\n<li>Maran, Tiit (2010). Schutz des Europ\u00e4isches Nerzes in Estland. ZGAP Mitteilungen, 2, 6\u22127.<\/li>\n<\/ul>\n<h2>2009<\/h2>\n<ul>\n<li>Maran, Tiit; P\u00f5dra, Madis;P\u00f5lma, Merje;Macdonald, David (2009). The survival of captive-born animals in restoration programmes \u2013 Case study of the endangered European mink Mustela lutreola. Biological Conservation, 142, 1685\u22121692.<\/li>\n<li>Becker, L.; Nieberg, C.; Jahreis, K.; Peters, E. (2009). MHC class II variation in the endagered European mink <em>Mustela lutreola <\/em>(L. 1761) &#8211; consequences for species conservation. Immunogenetics, 61:281-288.<\/li>\n<\/ul>\n<h2>2007<\/h2>\n<ul>\n<li>Maran, Tiit (2007). Conservation biology of the European mink, Mustela lutreola (Linnaeus 1761): decline and causes of extinction. (Doktorit\u00f6\u00f6, Tallinna \u00dclikool). Tallinn: Tallinna \u00dclikooli Kirjastus.<\/li>\n<li>Cabria, T. M.; Gonzalez, E. G.; Gomez-Moliner, B. J.; Zardoya, R. (2007). Microsatellite markers for the endangered European mink (<em>Mustela lutreola<\/em>) and closely related mustelids. Molecular Ecology Notes, 7, 1185-1188.<\/li>\n<\/ul>\n<h2>2006<\/h2>\n<ul>\n<li>Bonesi, L.; Harrington, L. A.; Maran, T.; Sidorovich, V. E.; MacDonald, D. W (2006). Demography of three populations of American mink Mustela lutreola in Europe. Mammal Review, 36, 98\u2212106.<\/li>\n<li>Maran, T. (2006). Conservation of the European mink in Estonia: an update 2001\u20132003. <em>International Conference on European mink (Mustela lutreola). Lorogno, 2003.<\/em> Lorogno, 131\u2212142.<\/li>\n<li>P\u00f5lma, M.; Maran, T. (2006). Interspecific aggressiveness of European mink (Mustela lutreola) and American mink (M.vison): provisional results of experiments in captivity. <em>International Conference on the Conservation of European Mink (Mustela lutreola): International Conference on the Conservation of European Mink (Mustela lutreola), Lorogno, 2003.<\/em> Lorogno, 199\u2212207.<\/li>\n<li>P\u00f5dra, M.; K\u00f5lamets, L.; Solovej, I.; Sidorovich, V. E.; Maran, T. (2006). Feeding ecology of released European mink in Hiiumaa Island 2000\u20132003. <em>International Conference on the Conservation of European mink (Mustela lutreola). Proceeding Book: International Conference on the Conservation of European mink (Mustela lutreola)., Logrono, Spain, 2004.<\/em> Logrono, 187\u2212207.<\/li>\n<\/ul>\n<h2>2005<\/h2>\n<ul>\n<li>Michaux, J. R.; Hardy, O. J.; Justy, F.; Fournier, P.; Kranz, A.; Cabria, M.; Davison, A.; Rosoux, R.; Libois, R. (2005). Conservation genetics and population history of the threatened European mink <em>Mustela lutreola<\/em>, with an emphasis on the west European population. Molecular Ecology, 14, 2373-2388.<\/li>\n<li>Maran, T.; P\u00f5dra, M. (2005). Kiskjate taasasustamine liigikaitse meetodina: p\u00f5him\u00f5tted ning Euroopa naaritsa (Mustela lutreola) taasasustamisprojekti anal\u00fc\u00fcs. Sammul, M.; L\u00f5hmus, A. (Toim.). \u00d6koloogiline taastamine (229\u2212253).. Tartu: Eesti Looduseuurijate Selts. (Loodusuurijate Seltsi Aastaraamat).<\/li>\n<\/ul>\n<h2>2004<\/h2>\n<ul>\n<li>P\u00f5dra, M.; Maran, T. (2004). \u00d6koloogilisi aspekte euroopa naaritsa, Mustela lutreola, saaremise asurkonna rajamisel Hiiumaal 2000 &#8211; 2003. S\u00fcgiskooli materjale (23\u221240).. Tallinn: Eesti Terioloogia Selts. (Eesti Ulukid; 9).<\/li>\n<\/ul>\n<h2>2003<\/h2>\n<ul>\n<li>Maran, T. (2003). European mink: setting of goal for conservation and Estonian case study. Galemys, 1\u221211.<\/li>\n<li>Peltier, Didier; Lode, Thierry (2003). Molecular survey of genetic diversity in the endagered European mink <em>Mustela lutreola<\/em>. C. R. Biologies 325, S49-S53.<\/li>\n<\/ul>\n<h2>2002<\/h2>\n<ul>\n<li>Macdonald, D.W.; Sidorovich, V.E.; Maran, T.; Kruuk, H. (2002). European mink, Mustela lutreola : analyses for conservation. Oxford: Wildlife Conservation Research Unit, University of Oxford.<\/li>\n<\/ul>\n<h2>2000<\/h2>\n<ul>\n<li>Davison, A.; Brookes, R. C.; Griffiths, H. I.; Maran, T.; Macdonald, D. W.; Sidorovich, V. E.; Kitchener, A. C.; Irizar, I.; Villate, I.; Gonzalez Esteban, J.; Cena, J. C.; Cena, A.; Moya, I.; Minano, S. P. (2000). Mitochondrial DNA and palaeontological evidence for the origins of endangered European mink, Mustela lutreola. Animal Conservation, 3 (4), 345\u2212355.<\/li>\n<li>Maran, T. (2000). European mink. In: Reading, R.P.; Miller, B. (Ed.). Endangered animals: A reference guide to conflicting issues (101\u2212106).. Westport: Greenwood Press.10.1336\/0313308160.<\/li>\n<li>Davidson, A.; Birks, J.D.S.; Maran, T.; MacDonald, D.W.; Sidorovich, E.; GRiffith, H.I. (2000). Conservation implications of hybridisation between polecats, ferrets and European mink (Musteal spp.). In: Griffiths, H.I. (Ed.). Mustelids in a modern world: mangement and conservation aspects of small carnivore: human interactions (153\u2212163).. Leiden: Backhuys Publishers.<\/li>\n<li>Blomqvist, L.; Maran, T. (2000). A regional collection plan for mustelids in Europe. Small Carnivore Conservation, 22, 13-15.<\/li>\n<\/ul>\n<h2>1999<\/h2>\n<ul>\n<li>Maran, Tiit (1999). Loodusliku mitmekesisuse kaitse ex-situ vahenditega. Loomastik. K\u00fclvik, M.; Tambets, J. (Toim.). Eesti bioloogilise mitmekesisuse \u00fclevaate (country study) materjale (310\u2212317).. Tartu: Eesti P\u00f5llumajandus\u00fclikool.<\/li>\n<\/ul>\n<h2>1998<\/h2>\n<ul>\n<li>Maran, T.; Polma, M.; Kruuk, H.; Macdonald, D. W. (1998). Diet of two species of mink in Estonia: Displacement of Mustela lutreola by M. vison. Journal of Zoology, 245 (2), 218\u2212222.<\/li>\n<li>Sidorovich, V.; Kruuk, H.; Macdonald, D.W.; Maran, T. (1998). Diets of semi-aquatic carnivores in northern Belarus, with implications for population changes. In: Behaviour and Ecology of Riparian Mammals (177\u2212190).. London: Cambridge University Press. (Symposia of the Zoological Society of London; 71).<\/li>\n<\/ul>\n<h2>1995<\/h2>\n<ul>\n<li>Maran, T.; Henttonen, H. (1995). Why is the European mink (Mustela lutreola) disappearing? &#8211; A review of the process and hypotheses. Annales Zoologici Fennici, 32 (1), 47\u221254.<\/li>\n<\/ul>\n<h2>1992<\/h2>\n<ul>\n<li>Maran, T. (1992). The European mink, Mustela lutreola, in protected areas in the former Soviet Union. Small Carnivore Conservation, 7, 10\u221212.<\/li>\n<\/ul>\n<h2>1991<\/h2>\n<ul>\n<li>Maran, T. (1991). Distribution of the European mink, Mustela lutreola, in Estonia: A historical review. In: Folia Theriologica Estonica (1\u221217).. Tallinn: Estonian Academy Publishers.<\/li>\n<li>Miljutin, A.; Maran, T.; Olman, V. (1991). Experimental re-search of the relationships between the black rat, Rattus rattus, and the Norway rat, R. norvegicus. Folia Theriologica Estonica, 2, 18\u221231.<\/li>\n<li>Henttonen, H.; Maran, T.; Lahtinen, J. (1991). On the recent records of the European mink in Finland. Luonnon Tutkija, 95, 198\u2212199.<\/li>\n<\/ul>\n<h2>1990<\/h2>\n<ul>\n<li>Maran, T. (1990). Conservation of the European mink in Estonia. Small Carnivore Conservation, 2, 12.<\/li>\n<\/ul>\n","protected":false},"excerpt":{"rendered":"<p>Scientific articles about European mink 2018 I\u00f1igo Zuberogoitia, Madis P\u00f5dra, Santiago Palaz\u00f3n, Asuncion G\u00f3mez, Nestor Zabala and Jabi Zabala (2018). Facing Extinction, Last Call for the European Mink. Ann Rev Resear. 2018; 2(2): 555581 Madis P\u00f5dra and Asunction G\u00f3mez (2018). Rapid expansion of the American mink poses a serious threat to the European mink in [&hellip;]<\/p>\n","protected":false},"author":4,"featured_media":0,"parent":333,"menu_order":0,"comment_status":"closed","ping_status":"closed","template":"","meta":[],"_links":{"self":[{"href":"https:\/\/lutreola.eu\/en\/wp-json\/wp\/v2\/pages\/1503"}],"collection":[{"href":"https:\/\/lutreola.eu\/en\/wp-json\/wp\/v2\/pages"}],"about":[{"href":"https:\/\/lutreola.eu\/en\/wp-json\/wp\/v2\/types\/page"}],"author":[{"embeddable":true,"href":"https:\/\/lutreola.eu\/en\/wp-json\/wp\/v2\/users\/4"}],"replies":[{"embeddable":true,"href":"https:\/\/lutreola.eu\/en\/wp-json\/wp\/v2\/comments?post=1503"}],"version-history":[{"count":8,"href":"https:\/\/lutreola.eu\/en\/wp-json\/wp\/v2\/pages\/1503\/revisions"}],"predecessor-version":[{"id":1740,"href":"https:\/\/lutreola.eu\/en\/wp-json\/wp\/v2\/pages\/1503\/revisions\/1740"}],"up":[{"embeddable":true,"href":"https:\/\/lutreola.eu\/en\/wp-json\/wp\/v2\/pages\/333"}],"wp:attachment":[{"href":"https:\/\/lutreola.eu\/en\/wp-json\/wp\/v2\/media?parent=1503"}],"curies":[{"name":"wp","href":"https:\/\/api.w.org\/{rel}","templated":true}]}}